{"id":26,"date":"2015-01-15T23:08:47","date_gmt":"2015-01-15T21:08:47","guid":{"rendered":"http:\/\/delfidanismanlik.com.tr\/en\/?page_id=26"},"modified":"2015-01-16T17:02:39","modified_gmt":"2015-01-16T15:02:39","slug":"contact","status":"publish","type":"page","link":"http:\/\/delfidanismanlik.com.tr\/en\/contact\/","title":{"rendered":"Contact"},"content":{"rendered":"<table border=\"0\" cellspacing=\"0\" cellpadding=\"0\">\n<tbody>\n<tr>\n<td>Delfi Dan\u0131\u015fmanl\u0131k Tic. Ltd. \u015eti.Marmara Cad. Top\u00e7uo\u011flu \u0130\u015f \u00a0Merkezi 23\/67<br \/>\nAvc\u0131lar\/\u0130stanbul<br \/>\nTel: + 90 (212) 420 06 47<br \/>\nFax: + 90 (212) 694 90 56<br \/>\nE-mail: info@delfidanismanlik.com.tr<\/td>\n<td><\/td>\n<\/tr>\n<tr>\n<td><iframe loading=\"lazy\" style=\"border: 0;\" src=\"https:\/\/www.google.com\/maps\/embed?pb=!1m18!1m12!1m3!1d652.9924516602534!2d28.722078039588116!3d40.98145415444908!2m3!1f0!2f0!3f0!3m2!1i1024!2i768!4f13.1!3m3!1m2!1s0x0%3A0x0!2zNDDCsDU4JzUzLjMiTiAyOMKwNDMnMTkuNCJF!5e1!3m2!1str!2s!4v1420360110089\" width=\"400\" height=\"300\" frameborder=\"0\"><\/iframe><\/td>\n<td><iframe loading=\"lazy\" style=\"border: 0;\" src=\"https:\/\/www.google.com\/maps\/embed?pb=!1m18!1m12!1m3!1d753.000304617229!2d28.722078039588116!3d40.98145415444908!2m3!1f0!2f0!3f0!3m2!1i1024!2i768!4f13.1!3m3!1m2!1s0x0%3A0x0!2zNDDCsDU4JzUzLjMiTiAyOMKwNDMnMTkuNCJF!5e0!3m2!1str!2s!4v1420360214234\" width=\"400\" height=\"300\" frameborder=\"0\"><\/iframe><\/td>\n<\/tr>\n<\/tbody>\n<\/table>\n","protected":false},"excerpt":{"rendered":"<p>Delfi Dan\u0131\u015fmanl\u0131k Tic. Ltd. \u015eti.Marmara Cad. Top\u00e7uo\u011flu \u0130\u015f \u00a0Merkezi 23\/67 Avc\u0131lar\/\u0130stanbul Tel: + 90 (212) 420 06 47 Fax: + 90 (212) 694 90 56 E-mail: info@delfidanismanlik.com.tr<\/p>\n","protected":false},"author":1,"featured_media":0,"parent":0,"menu_order":0,"comment_status":"closed","ping_status":"closed","template":"full-width.php","meta":{"footnotes":""},"_links":{"self":[{"href":"http:\/\/delfidanismanlik.com.tr\/en\/wp-json\/wp\/v2\/pages\/26"}],"collection":[{"href":"http:\/\/delfidanismanlik.com.tr\/en\/wp-json\/wp\/v2\/pages"}],"about":[{"href":"http:\/\/delfidanismanlik.com.tr\/en\/wp-json\/wp\/v2\/types\/page"}],"author":[{"embeddable":true,"href":"http:\/\/delfidanismanlik.com.tr\/en\/wp-json\/wp\/v2\/users\/1"}],"replies":[{"embeddable":true,"href":"http:\/\/delfidanismanlik.com.tr\/en\/wp-json\/wp\/v2\/comments?post=26"}],"version-history":[{"count":1,"href":"http:\/\/delfidanismanlik.com.tr\/en\/wp-json\/wp\/v2\/pages\/26\/revisions"}],"predecessor-version":[{"id":27,"href":"http:\/\/delfidanismanlik.com.tr\/en\/wp-json\/wp\/v2\/pages\/26\/revisions\/27"}],"wp:attachment":[{"href":"http:\/\/delfidanismanlik.com.tr\/en\/wp-json\/wp\/v2\/media?parent=26"}],"curies":[{"name":"wp","href":"https:\/\/api.w.org\/{rel}","templated":true}]}}